{"id":2306,"date":"2025-09-04T17:56:11","date_gmt":"2025-09-04T17:56:11","guid":{"rendered":"https:\/\/neoxal.com\/?page_id=2306"},"modified":"2026-02-11T12:27:21","modified_gmt":"2026-02-11T12:27:21","slug":"belvedere-ceramic-coating-tester-10-ml","status":"publish","type":"page","link":"https:\/\/neoxal.com\/?page_id=2306&lang=pl","title":{"rendered":"Belvedere Ceramiczna Ochrona Lakieru tester 10 ml"},"content":{"rendered":"\t\t<div data-elementor-type=\"wp-page\" data-elementor-id=\"2306\" class=\"elementor elementor-2306\">\n\t\t\t\t\t\t<section class=\"elementor-section elementor-top-section elementor-element elementor-element-a184ace elementor-section-boxed elementor-section-height-default elementor-section-height-default\" data-id=\"a184ace\" data-element_type=\"section\">\n\t\t\t\t\t\t<div class=\"elementor-container elementor-column-gap-default\">\n\t\t\t\t\t<div class=\"elementor-column elementor-col-50 elementor-top-column elementor-element elementor-element-328667c\" data-id=\"328667c\" data-element_type=\"column\">\n\t\t\t<div class=\"elementor-widget-wrap elementor-element-populated\">\n\t\t\t\t\t\t<div class=\"elementor-element elementor-element-3b9f655 elementor-widget elementor-widget-image\" data-id=\"3b9f655\" data-element_type=\"widget\" data-widget_type=\"image.default\">\n\t\t\t\t<div class=\"elementor-widget-container\">\n\t\t\t\t\t\t\t\t\t\t\t\t\t<img fetchpriority=\"high\" decoding=\"async\" width=\"768\" height=\"1024\" src=\"https:\/\/neoxal.com\/wp-content\/uploads\/2025\/09\/bv_tester-768x1024.jpg\" class=\"attachment-large size-large wp-image-2309\" alt=\"\" srcset=\"https:\/\/neoxal.com\/wp-content\/uploads\/2025\/09\/bv_tester-768x1024.jpg 768w, https:\/\/neoxal.com\/wp-content\/uploads\/2025\/09\/bv_tester-225x300.jpg 225w, https:\/\/neoxal.com\/wp-content\/uploads\/2025\/09\/bv_tester.jpg 1125w\" sizes=\"(max-width: 768px) 100vw, 768px\" \/>\t\t\t\t\t\t\t\t\t\t\t\t\t<\/div>\n\t\t\t\t<\/div>\n\t\t\t\t<div class=\"elementor-element elementor-element-20c2fe5 elementor-align-center elementor-widget elementor-widget-button\" data-id=\"20c2fe5\" data-element_type=\"widget\" data-widget_type=\"button.default\">\n\t\t\t\t<div class=\"elementor-widget-container\">\n\t\t\t\t\t<div class=\"elementor-button-wrapper\">\n\t\t\t<a class=\"elementor-button elementor-button-link elementor-size-sm elementor-animation-shrink\" href=\"https:\/\/allegro.pl\/oferta\/belvedere-ceramic-coating-tester-10-ml-17849327404?utm_medium=afiliacja&#038;utm_source=ctr_2&#038;utm_campaign=dcab720b-33c9-4aef-9824-ac4eb71d6baa&#038;utm_content=444daf0c325f#\">\n\t\t\t\t\t\t<span class=\"elementor-button-content-wrapper\">\n\t\t\t\t\t\t<span class=\"elementor-button-icon\">\n\t\t\t\t<i aria-hidden=\"true\" class=\"fas fa-shopping-cart\"><\/i>\t\t\t<\/span>\n\t\t\t\t\t\t\t\t\t<span class=\"elementor-button-text\">10 ml<\/span>\n\t\t\t\t\t<\/span>\n\t\t\t\t\t<\/a>\n\t\t<\/div>\n\t\t\t\t<\/div>\n\t\t\t\t<\/div>\n\t\t\t\t\t<\/div>\n\t\t<\/div>\n\t\t\t\t<div class=\"elementor-column elementor-col-50 elementor-top-column elementor-element elementor-element-fb91ffc\" data-id=\"fb91ffc\" data-element_type=\"column\" data-settings=\"{&quot;background_background&quot;:&quot;classic&quot;}\">\n\t\t\t<div class=\"elementor-widget-wrap elementor-element-populated\">\n\t\t\t\t\t\t<div class=\"elementor-element elementor-element-1aa3c38 elementor-widget elementor-widget-heading\" data-id=\"1aa3c38\" data-element_type=\"widget\" data-widget_type=\"heading.default\">\n\t\t\t\t<div class=\"elementor-widget-container\">\n\t\t\t<h4 class=\"elementor-heading-title elementor-size-medium\">Belvedere Ceramic Coating <\/h4>\t\t<\/div>\n\t\t\t\t<\/div>\n\t\t\t\t<div class=\"elementor-element elementor-element-78ac053 elementor-widget elementor-widget-text-editor\" data-id=\"78ac053\" data-element_type=\"widget\" data-widget_type=\"text-editor.default\">\n\t\t\t\t<div class=\"elementor-widget-container\">\n\t\t\t\t\t\t\t<div style=\"font-style: normal; font-variant-numeric: normal; font-variant-east-asian: normal; text-align: start; font-size: 15px; width: 539.444px; line-height: 27.8571px; widows: 1;\" data-id=\"e834cf8\" data-element_type=\"widget\" data-widget_type=\"text-editor.default\"><div style=\"font-size: 15px;\"><div style=\"font-size: 15px;\"><div style=\"font-size: 15px; width: 539.444px; line-height: 27.8571px;\"><div style=\"font-size: 15px; width: 539.444px; line-height: 27.8571px;\"><div style=\"margin-right: 0px;\"><div dir=\"auto\"><p><strong>BELVEDERE: Profesjonalna Ceramiczna Pow\u0142oka Ochronna na Bazie \u017bywicy Polisilazanowej (86%) firmy Neoxal.<\/strong><\/p><p>Pow\u0142oka ceramiczna do zastosowa\u0144 profesjonalnych. Najwy\u017csza czysto\u015b\u0107 sk\u0142adnik\u00f3w gwarantuje maksymaln\u0105 skuteczno\u015b\u0107 i odporno\u015b\u0107 temperaturow\u0105!<\/p><p>\u00a0<\/p><p><strong>BELVEDERE <\/strong>to zaawansowana technologicznie ceramiczna pow\u0142oka ochronna, opracowana przez Neoxal Sp. z o.o. z przeznaczeniem do profesjonalnych zastosowa\u0144 mi\u0119dzy innymi w bran\u017cy motoryzacyjnej, szkutniczej i budowlanej. Jej unikalna formu\u0142a oparta jest na 86% st\u0119\u017ceniu \u017cywicy polisilazanowej, co gwarantuje najwy\u017csz\u0105 klas\u0119 ochrony.<\/p><p>\u00a0<\/p><p><strong>Kluczowe w\u0142a\u015bciwo\u015bci:<\/strong><\/p><ul><li><strong>Sk\u0142adniki Aktywne<\/strong>: Wysoka koncentracja polisilazanowej \u017cywicy zapewnia maksymaln\u0105 skuteczno\u015b\u0107 i trwa\u0142o\u015b\u0107 ochrony.<\/li><li><strong>Czysta Formu\u0142a<\/strong>: Produkt charakteryzuje si\u0119 czystym sk\u0142adem, bez zb\u0119dnych rozpuszczalnik\u00f3w, dodatk\u00f3w i wype\u0142niaczy, co przek\u0142ada si\u0119 na jego modelow\u0105 struktur\u0119 i doskona\u0142e w\u0142a\u015bciwo\u015bci.<\/li><li><strong>Wyj\u0105tkowa Trwa\u0142o\u015b\u0107 i Hydrofobowo\u015b\u0107<\/strong>: Zapewnia d\u0142ugoterminow\u0105 ochron\u0119 przed czynnikami atmosferycznymi, promieniowaniem UV, zarysowaniami oraz zabrudzeniami, utrzymuj\u0105c jednocze\u015bnie wysoki poziom hydrofobowo\u015bci.<\/li><li><strong>Nieskazitelny Po\u0142ysk<\/strong>: Przywraca i utrzymuje g\u0142\u0119boki, lustrzany po\u0142ysk lakieru.<\/li><li><strong>Przeznaczenie Profesjonalne<\/strong>: Produkt skierowany jest do profesjonalist\u00f3w ceni\u0105cych sobie najwy\u017csz\u0105 jako\u015b\u0107 i bezkompromisowe rezultaty, maj\u0105cych do\u015bwiadczenie w aplikacji pow\u0142ok.<\/li><\/ul><p><strong>Parametry techniczne<\/strong>:<\/p><ul><li>Baza: \u017cywica polisilazanowa.<\/li><li>Grubo\u015b\u0107 pow\u0142oki 4 \u03bcm (po aplikacji).<\/li><li>Wydajno\u015b\u0107: 20ml auto typu sedan.<\/li><li>Warstwowanie: Nie zalecane.<\/li><li>Utwardzenie: wilgo\u0107 z powietrza.<\/li><li>Trwa\u0142o\u015b\u0107: 4 &#8211; 5 lat lub 60 000 km przebiegu pojazdu.<\/li><li>Pe\u0142na ochrona przed szkodliwym promieniowaniem ultrafioletowym.<\/li><li>K\u0105t zwil\u017cania wod\u0105: 115\u00b0(wska\u017anik doskona\u0142ej hydrofobowo\u015bci).<\/li><li>Odporno\u015b\u0107 chemiczna: Zakres pH od 2 do 12.<\/li><li>Mo\u017cliwo\u015b\u0107 wygrzewania: tak, 240\u2103 1 min.<\/li><li>Warunki utwardzania: w temperaturze pokojowej przez 10\u201330 min. Pe\u0142ne utwardzenie w ci\u0105gu 1 dnia.<\/li><li>Aplikacja na \u015bwie\u017co lakierowanej powierzchni: po 6 tygodniach.<\/li><li>Przechowywanie: 12 miesi\u0119cy w suchym zacienionym miejscu, w temperaturze 5 &#8211; 25\u00b0C.<\/li><li>Po otwarciu zu\u017cy\u0107 w ci\u0105gu czterech do sze\u015bciu tygodni w szczelnie zamkni\u0119tym opakowaniu.<\/li><\/ul><p><strong>Instrukcja aplikacji:<\/strong><\/p><ul><li>Zakres temperatur aplikacji: 15\u201325\u00b0 Wilgotno\u015b\u0107 podczas aplikacji: 40\u201360%.<\/li><\/ul><ol><li>Przygotowanie powierzchni Dok\u0142adne oczyszczenie i odt\u0142uszczenie aplikowanej powierzchni jest kluczowe dla zapewnienia prawid\u0142owego wi\u0105zania.<\/li><li>Przygotowanie produktu: Przed u\u017cyciem energicznie wstrz\u0105sn\u0105\u0107 pojemnikiem przez oko\u0142o 30 sekund.<\/li><li>Aplikacja: Nas\u0105czy\u0107 aplikator produktem i nak\u0142ada\u0107 na such\u0105 powierzchni\u0119, pracuj\u0105c na fragmentach o wymiarach oko\u0142o 60 x 60 cm, stosuj\u0105c ruchy na krzy\u017c.<\/li><li>Wyka\u0144czanie (Docieranie &#8211; po oko\u0142o 45 sek.): Po zaobserwowaniu zjawiska &#8220;t\u0119czowania&#8221; lub wysychania produktu, przyst\u0105pi\u0107 do docierania powierzchni za pomoc\u0105 dedykowanej mikrofibry.<\/li><li>Korekta: W przypadku pozostawienia produktu na powierzchni zbyt d\u0142ugo, wyst\u0105pienia smug lub niedotartych miejsc, zaleca si\u0119 korekt\u0119 mechaniczn\u0105 (polerowanie) i ponown\u0105 aplikacj\u0119 pow\u0142oki.<\/li><\/ol><p>\u00a0<\/p><\/div><\/div><\/div><\/div><\/div><\/div><\/div>\t\t\t\t\t\t<\/div>\n\t\t\t\t<\/div>\n\t\t\t\t\t<\/div>\n\t\t<\/div>\n\t\t\t\t\t<\/div>\n\t\t<\/section>\n\t\t\t\t<\/div>\n\t\t<!-- AddThis Advanced Settings generic via filter on the_content --><!-- AddThis Share Buttons generic via filter on the_content -->","protected":false},"excerpt":{"rendered":"<p>10 ml Belvedere Ceramic Coating BELVEDERE: Profesjonalna Ceramiczna Pow\u0142oka Ochronna na Bazie \u017bywicy Polisilazanowej (86%) firmy Neoxal. Pow\u0142oka ceramiczna do zastosowa\u0144 profesjonalnych. Najwy\u017csza czysto\u015b\u0107 sk\u0142adnik\u00f3w gwarantuje maksymaln\u0105 skuteczno\u015b\u0107 i odporno\u015b\u0107 temperaturow\u0105! BELVEDERE to zaawansowana technologicznie ceramiczna pow\u0142oka ochronna, opracowana przez Neoxal Sp. z o.o. z przeznaczeniem do profesjonalnych zastosowa\u0144 mi\u0119dzy innymi w bran\u017cy motoryzacyjnej, szkutniczej &hellip;<\/p>\n<p class=\"read-more\"> <a class=\"\" href=\"https:\/\/neoxal.com\/?page_id=2306&#038;lang=pl\"> <span class=\"screen-reader-text\">Belvedere Ceramiczna Ochrona Lakieru tester 10 ml<\/span> Read More &raquo;<\/a><\/p>\n<p><!-- AddThis Advanced Settings generic via filter on get_the_excerpt --><!-- AddThis Share Buttons generic via filter on get_the_excerpt --><\/p>\n","protected":false},"author":1,"featured_media":0,"parent":0,"menu_order":0,"comment_status":"closed","ping_status":"closed","template":"","meta":[],"aioseo_notices":[],"_links":{"self":[{"href":"https:\/\/neoxal.com\/index.php?rest_route=\/wp\/v2\/pages\/2306"}],"collection":[{"href":"https:\/\/neoxal.com\/index.php?rest_route=\/wp\/v2\/pages"}],"about":[{"href":"https:\/\/neoxal.com\/index.php?rest_route=\/wp\/v2\/types\/page"}],"author":[{"embeddable":true,"href":"https:\/\/neoxal.com\/index.php?rest_route=\/wp\/v2\/users\/1"}],"replies":[{"embeddable":true,"href":"https:\/\/neoxal.com\/index.php?rest_route=%2Fwp%2Fv2%2Fcomments&post=2306"}],"version-history":[{"count":6,"href":"https:\/\/neoxal.com\/index.php?rest_route=\/wp\/v2\/pages\/2306\/revisions"}],"predecessor-version":[{"id":2392,"href":"https:\/\/neoxal.com\/index.php?rest_route=\/wp\/v2\/pages\/2306\/revisions\/2392"}],"wp:attachment":[{"href":"https:\/\/neoxal.com\/index.php?rest_route=%2Fwp%2Fv2%2Fmedia&parent=2306"}],"curies":[{"name":"wp","href":"https:\/\/api.w.org\/{rel}","templated":true}]}}