{"id":2220,"date":"2024-10-15T21:04:37","date_gmt":"2024-10-15T21:04:37","guid":{"rendered":"https:\/\/neoxal.com\/?page_id=2220"},"modified":"2026-02-11T12:37:07","modified_gmt":"2026-02-11T12:37:07","slug":"neoxal-777","status":"publish","type":"page","link":"https:\/\/neoxal.com\/?page_id=2220&lang=pl","title":{"rendered":"Neoxal 777 Quick Detailer"},"content":{"rendered":"\t\t<div data-elementor-type=\"wp-page\" data-elementor-id=\"2220\" class=\"elementor elementor-2220\">\n\t\t\t\t\t\t<section class=\"elementor-section elementor-top-section elementor-element elementor-element-4dcf29e elementor-section-boxed elementor-section-height-default elementor-section-height-default\" data-id=\"4dcf29e\" data-element_type=\"section\">\n\t\t\t\t\t\t<div class=\"elementor-container elementor-column-gap-default\">\n\t\t\t\t\t<div class=\"elementor-column elementor-col-50 elementor-top-column elementor-element elementor-element-2ff3b1c\" data-id=\"2ff3b1c\" data-element_type=\"column\">\n\t\t\t<div class=\"elementor-widget-wrap elementor-element-populated\">\n\t\t\t\t\t\t<div class=\"elementor-element elementor-element-2bb9149 elementor-widget elementor-widget-image\" data-id=\"2bb9149\" data-element_type=\"widget\" data-widget_type=\"image.default\">\n\t\t\t\t<div class=\"elementor-widget-container\">\n\t\t\t\t\t\t\t\t\t\t\t\t\t<img decoding=\"async\" width=\"143\" height=\"300\" src=\"https:\/\/neoxal.com\/wp-content\/uploads\/2024\/10\/777_QDB-143x300.jpg\" class=\"attachment-medium size-medium wp-image-2225\" alt=\"\" srcset=\"https:\/\/neoxal.com\/wp-content\/uploads\/2024\/10\/777_QDB-143x300.jpg 143w, https:\/\/neoxal.com\/wp-content\/uploads\/2024\/10\/777_QDB-487x1024.jpg 487w, https:\/\/neoxal.com\/wp-content\/uploads\/2024\/10\/777_QDB.jpg 559w\" sizes=\"(max-width: 143px) 100vw, 143px\" \/>\t\t\t\t\t\t\t\t\t\t\t\t\t<\/div>\n\t\t\t\t<\/div>\n\t\t\t\t<div class=\"elementor-element elementor-element-bcaadd7 elementor-align-center elementor-widget elementor-widget-button\" data-id=\"bcaadd7\" data-element_type=\"widget\" data-widget_type=\"button.default\">\n\t\t\t\t<div class=\"elementor-widget-container\">\n\t\t\t\t\t<div class=\"elementor-button-wrapper\">\n\t\t\t<a class=\"elementor-button elementor-button-link elementor-size-sm elementor-animation-shrink\" href=\"https:\/\/allegro.pl\/oferta\/neoxal-777-quick-detailer-booster-200-ml-16587224586\">\n\t\t\t\t\t\t<span class=\"elementor-button-content-wrapper\">\n\t\t\t\t\t\t<span class=\"elementor-button-icon\">\n\t\t\t\t<i aria-hidden=\"true\" class=\"fas fa-shopping-cart\"><\/i>\t\t\t<\/span>\n\t\t\t\t\t\t\t\t\t<span class=\"elementor-button-text\">200 ml<\/span>\n\t\t\t\t\t<\/span>\n\t\t\t\t\t<\/a>\n\t\t<\/div>\n\t\t\t\t<\/div>\n\t\t\t\t<\/div>\n\t\t\t\t<div class=\"elementor-element elementor-element-31b74f4 elementor-align-center elementor-widget elementor-widget-button\" data-id=\"31b74f4\" data-element_type=\"widget\" data-widget_type=\"button.default\">\n\t\t\t\t<div class=\"elementor-widget-container\">\n\t\t\t\t\t<div class=\"elementor-button-wrapper\">\n\t\t\t<a class=\"elementor-button elementor-button-link elementor-size-sm elementor-animation-shrink\" href=\"https:\/\/allegro.pl\/oferta\/neoxal-777-quick-detailer-booster-500-ml-16559672280\">\n\t\t\t\t\t\t<span class=\"elementor-button-content-wrapper\">\n\t\t\t\t\t\t<span class=\"elementor-button-icon\">\n\t\t\t\t<i aria-hidden=\"true\" class=\"fas fa-shopping-cart\"><\/i>\t\t\t<\/span>\n\t\t\t\t\t\t\t\t\t<span class=\"elementor-button-text\">500 ml<\/span>\n\t\t\t\t\t<\/span>\n\t\t\t\t\t<\/a>\n\t\t<\/div>\n\t\t\t\t<\/div>\n\t\t\t\t<\/div>\n\t\t\t\t<div class=\"elementor-element elementor-element-c0774ec elementor-align-center elementor-widget__width-inherit elementor-widget elementor-widget-button\" data-id=\"c0774ec\" data-element_type=\"widget\" data-widget_type=\"button.default\">\n\t\t\t\t<div class=\"elementor-widget-container\">\n\t\t\t\t\t<div class=\"elementor-button-wrapper\">\n\t\t\t<a class=\"elementor-button elementor-button-link elementor-size-sm elementor-animation-shrink\" href=\"https:\/\/allegro.pl\/oferta\/neoxal-777-quick-detailer-booster-5l-16587273579\">\n\t\t\t\t\t\t<span class=\"elementor-button-content-wrapper\">\n\t\t\t\t\t\t<span class=\"elementor-button-icon\">\n\t\t\t\t<i aria-hidden=\"true\" class=\"fas fa-shopping-cart\"><\/i>\t\t\t<\/span>\n\t\t\t\t\t\t\t\t\t<span class=\"elementor-button-text\">5L<\/span>\n\t\t\t\t\t<\/span>\n\t\t\t\t\t<\/a>\n\t\t<\/div>\n\t\t\t\t<\/div>\n\t\t\t\t<\/div>\n\t\t\t\t\t<\/div>\n\t\t<\/div>\n\t\t\t\t<div class=\"elementor-column elementor-col-50 elementor-top-column elementor-element elementor-element-6383e5d\" data-id=\"6383e5d\" data-element_type=\"column\">\n\t\t\t<div class=\"elementor-widget-wrap elementor-element-populated\">\n\t\t\t\t\t\t<div class=\"elementor-element elementor-element-a939a7f elementor-widget elementor-widget-heading\" data-id=\"a939a7f\" data-element_type=\"widget\" data-widget_type=\"heading.default\">\n\t\t\t\t<div class=\"elementor-widget-container\">\n\t\t\t<h6 class=\"elementor-heading-title elementor-size-default\"><p><span style=\"font-size:18.0pt;mso-bidi-font-size:8.0pt\">Neoxal 777 Quick Detailer <\/span><span style=\"font-size: 18\n\npx; font-weight: 400;\"><\/span><\/p><\/h6>\t\t<\/div>\n\t\t\t\t<\/div>\n\t\t\t\t<div class=\"elementor-element elementor-element-1765d1b elementor-widget elementor-widget-text-editor\" data-id=\"1765d1b\" data-element_type=\"widget\" data-widget_type=\"text-editor.default\">\n\t\t\t\t<div class=\"elementor-widget-container\">\n\t\t\t\t\t\t\t<div dir=\"auto\">\n\n<strong>Neoxal 777 Quick Detailer \u2013 samochody, motocykle, campery, samoloty, jachty!<\/strong><strong>\u00a0<\/strong><br>Tworzy \u015blisk\u0105, b\u0142yszcz\u0105c\u0105 i tward\u0105 pow\u0142ok\u0119. To najszybszy spos\u00f3b aby poprawi\u0107 wygl\u0105d Twojego pojazdu. Polecany do piel\u0119gnacji lakier\u00f3w w salonach samochodowych i komisach. Dokona\u0142y przed zlotem, wystaw\u0105 lub po umyciu auta.\n\n<strong>Cechy i zalety<\/strong>:\n<ul>\n \t<li>G\u0142\u0119boki po\u0142ysk, g\u0142adko\u015b\u0107 i twardo\u015b\u0107.<\/li>\n \t<li>Mokra i sucha aplikacja.<\/li>\n \t<li>Usuwa \u015bwie\u017ce waterspoty i zacieki.<\/li>\n \t<li>Hydrofobowo\u015b\u0107.<\/li>\n \t<li>Biodegradowalny<\/li>\n \t<li>Neutralny zapach<\/li>\n \t<li>Bezpieczny dla ka\u017cdej powierzchni<\/li>\n \t<li>Doskona\u0142y Top Coat dla wszystkich pow\u0142ok Neoxal<\/li>\n<\/ul>\nSpos\u00f3b u\u017cycia:\n\nDobrze wstrz\u0105\u015bnij butelk\u0105, rozpyl trzy strza\u0142y na mikrofibr\u0119 i jeden na panel. Rozprowad\u017a i such\u0105 mikrofibr\u0105 dotrzyj.\n\n<strong><u>ZALECENIA<\/u><\/strong>:\u00a0 Nie stosowa\u0107 na gor\u0105cy lakier lub w bezpo\u015brednim \u015bwietle s\u0142onecznym. Chroni\u0107 produkt przed mrozem.\n\nPojemno\u015b\u0107 200ml, 500ml, 5L\n\n<\/div>\t\t\t\t\t\t<\/div>\n\t\t\t\t<\/div>\n\t\t\t\t\t<\/div>\n\t\t<\/div>\n\t\t\t\t\t<\/div>\n\t\t<\/section>\n\t\t\t\t<\/div>\n\t\t<!-- AddThis Advanced Settings generic via filter on the_content --><!-- AddThis Share Buttons generic via filter on the_content -->","protected":false},"excerpt":{"rendered":"<p>200 ml 500 ml 5L Neoxal 777 Quick Detailer Neoxal 777 Quick Detailer \u2013 samochody, motocykle, campery, samoloty, jachty!&nbsp; Tworzy \u015blisk\u0105, b\u0142yszcz\u0105c\u0105 i tward\u0105 pow\u0142ok\u0119. To najszybszy spos\u00f3b aby poprawi\u0107 wygl\u0105d Twojego pojazdu. Polecany do piel\u0119gnacji lakier\u00f3w w salonach samochodowych i komisach. Dokona\u0142y przed zlotem, wystaw\u0105 lub po umyciu auta. Cechy i zalety: G\u0142\u0119boki po\u0142ysk, &hellip;<\/p>\n<p class=\"read-more\"> <a class=\"\" href=\"https:\/\/neoxal.com\/?page_id=2220&#038;lang=pl\"> <span class=\"screen-reader-text\">Neoxal 777 Quick Detailer<\/span> Read More &raquo;<\/a><\/p>\n<p><!-- AddThis Advanced Settings generic via filter on get_the_excerpt --><!-- AddThis Share Buttons generic via filter on get_the_excerpt --><\/p>\n","protected":false},"author":1,"featured_media":0,"parent":0,"menu_order":0,"comment_status":"closed","ping_status":"closed","template":"","meta":[],"aioseo_notices":[],"_links":{"self":[{"href":"https:\/\/neoxal.com\/index.php?rest_route=\/wp\/v2\/pages\/2220"}],"collection":[{"href":"https:\/\/neoxal.com\/index.php?rest_route=\/wp\/v2\/pages"}],"about":[{"href":"https:\/\/neoxal.com\/index.php?rest_route=\/wp\/v2\/types\/page"}],"author":[{"embeddable":true,"href":"https:\/\/neoxal.com\/index.php?rest_route=\/wp\/v2\/users\/1"}],"replies":[{"embeddable":true,"href":"https:\/\/neoxal.com\/index.php?rest_route=%2Fwp%2Fv2%2Fcomments&post=2220"}],"version-history":[{"count":9,"href":"https:\/\/neoxal.com\/index.php?rest_route=\/wp\/v2\/pages\/2220\/revisions"}],"predecessor-version":[{"id":2389,"href":"https:\/\/neoxal.com\/index.php?rest_route=\/wp\/v2\/pages\/2220\/revisions\/2389"}],"wp:attachment":[{"href":"https:\/\/neoxal.com\/index.php?rest_route=%2Fwp%2Fv2%2Fmedia&parent=2220"}],"curies":[{"name":"wp","href":"https:\/\/api.w.org\/{rel}","templated":true}]}}