{"id":134,"date":"2018-07-19T14:15:31","date_gmt":"2018-07-19T14:15:31","guid":{"rendered":"http:\/\/www.neoxal.com\/?page_id=134"},"modified":"2026-02-11T12:29:05","modified_gmt":"2026-02-11T12:29:05","slug":"neoxal-12-zabezpieczenie-tworzyw-sztucznych","status":"publish","type":"page","link":"https:\/\/neoxal.com\/?page_id=134&lang=pl","title":{"rendered":"NEOXAL 12- zabezpieczenie lamp samochodowych i tworzyw sztucznych, chomu oraz felg"},"content":{"rendered":"\t\t<div data-elementor-type=\"wp-post\" data-elementor-id=\"134\" class=\"elementor elementor-134\">\n\t\t\t\t\t\t<section class=\"elementor-section elementor-top-section elementor-element elementor-element-c297586 elementor-section-height-full elementor-section-items-top elementor-section-boxed elementor-section-height-default\" data-id=\"c297586\" data-element_type=\"section\" data-settings=\"{&quot;background_background&quot;:&quot;classic&quot;}\">\n\t\t\t\t\t\t<div class=\"elementor-container elementor-column-gap-default\">\n\t\t\t\t\t<div class=\"elementor-column elementor-col-50 elementor-top-column elementor-element elementor-element-c80239c\" data-id=\"c80239c\" data-element_type=\"column\">\n\t\t\t<div class=\"elementor-widget-wrap elementor-element-populated\">\n\t\t\t\t\t\t<div class=\"elementor-element elementor-element-d2f363a elementor-invisible elementor-widget elementor-widget-image\" data-id=\"d2f363a\" data-element_type=\"widget\" data-settings=\"{&quot;_animation&quot;:&quot;zoomIn&quot;}\" data-widget_type=\"image.default\">\n\t\t\t\t<div class=\"elementor-widget-container\">\n\t\t\t\t\t\t\t\t\t\t\t\t\t<img fetchpriority=\"high\" decoding=\"async\" width=\"1024\" height=\"1024\" src=\"https:\/\/neoxal.com\/wp-content\/uploads\/2023\/08\/Bez-nazwy-1-1024x1024.jpg\" class=\"attachment-large size-large wp-image-2032\" alt=\"\" srcset=\"https:\/\/neoxal.com\/wp-content\/uploads\/2023\/08\/Bez-nazwy-1-1024x1024.jpg 1024w, https:\/\/neoxal.com\/wp-content\/uploads\/2023\/08\/Bez-nazwy-1-300x300.jpg 300w, https:\/\/neoxal.com\/wp-content\/uploads\/2023\/08\/Bez-nazwy-1-150x150.jpg 150w, https:\/\/neoxal.com\/wp-content\/uploads\/2023\/08\/Bez-nazwy-1-768x768.jpg 768w, https:\/\/neoxal.com\/wp-content\/uploads\/2023\/08\/Bez-nazwy-1.jpg 1200w\" sizes=\"(max-width: 1024px) 100vw, 1024px\" \/>\t\t\t\t\t\t\t\t\t\t\t\t\t<\/div>\n\t\t\t\t<\/div>\n\t\t\t\t<div class=\"elementor-element elementor-element-5e0b24a elementor-align-center elementor-widget elementor-widget-button\" data-id=\"5e0b24a\" data-element_type=\"widget\" data-widget_type=\"button.default\">\n\t\t\t\t<div class=\"elementor-widget-container\">\n\t\t\t\t\t<div class=\"elementor-button-wrapper\">\n\t\t\t<a class=\"elementor-button elementor-button-link elementor-size-sm elementor-animation-shrink\" href=\"https:\/\/allegro.pl\/oferta\/neoxal-12-ceramika-do-winylu-lamp-felg-karbonu-50ml-14805104424\">\n\t\t\t\t\t\t<span class=\"elementor-button-content-wrapper\">\n\t\t\t\t\t\t<span class=\"elementor-button-icon\">\n\t\t\t\t<i aria-hidden=\"true\" class=\"fas fa-shopping-cart\"><\/i>\t\t\t<\/span>\n\t\t\t\t\t\t\t\t\t<span class=\"elementor-button-text\">Gdzie kupi\u0107<\/span>\n\t\t\t\t\t<\/span>\n\t\t\t\t\t<\/a>\n\t\t<\/div>\n\t\t\t\t<\/div>\n\t\t\t\t<\/div>\n\t\t\t\t\t<\/div>\n\t\t<\/div>\n\t\t\t\t<div class=\"elementor-column elementor-col-50 elementor-top-column elementor-element elementor-element-3b35820\" data-id=\"3b35820\" data-element_type=\"column\">\n\t\t\t<div class=\"elementor-widget-wrap elementor-element-populated\">\n\t\t\t\t\t\t<div class=\"elementor-element elementor-element-f0c92ae elementor-widget elementor-widget-heading\" data-id=\"f0c92ae\" data-element_type=\"widget\" data-widget_type=\"heading.default\">\n\t\t\t\t<div class=\"elementor-widget-container\">\n\t\t\t<h3 class=\"elementor-heading-title elementor-size-default\">Zabezpieczenie lamp samochodowych i tworzyw sztucznych, chomu oraz felg<\/h3>\t\t<\/div>\n\t\t\t\t<\/div>\n\t\t\t\t<div class=\"elementor-element elementor-element-0e88f24 elementor-widget elementor-widget-text-editor\" data-id=\"0e88f24\" data-element_type=\"widget\" data-widget_type=\"text-editor.default\">\n\t\t\t\t<div class=\"elementor-widget-container\">\n\t\t\t\t\t\t\t<p>Ceramiczna pow\u0142oka Neoxal No.12 s\u0142u\u017cy do trwa\u0142ego zabezpieczania powierzchni reflektor\u00f3w samochodowych z poliw\u0119glanu, element\u00f3w z tworzyw sztucznych, chromu oraz felg.<br \/>To jedna z najskuteczniejszych metod zabezpieczenia przed szkodliwym wyp\u0142ywem czynnik\u00f3w zewn\u0119trznych, powoduj\u0105cych oksydacj\u0119, matowienie i \u017c\u00f3\u0142kni\u0119cie poliw\u0119glanowych kloszy, element\u00f3w z tworzyw sztucznych i felg.<br \/>Ceramiczne zabezpieczenie Neoxal No. 12 formuje na powierzchni reflektora szczeln\u0105, \u015bci\u015ble przylegaj\u0105c\u0105, bardzo tward\u0105 warstw\u0119 ochronn\u0105, o diamentowym po\u0142ysku i w\u0142a\u015bciwo\u015bciach super hydrofobowych. Dzi\u0119ki g\u0142adko\u015bci pow\u0142oki, \u017cadne drobnoustroje nie maj\u0105 mo\u017cliwo\u015bci gromadzenia si\u0119. Pokryta powierzchnia jest szczeg\u00f3lnie \u0142atwa do czyszczenia. Trwa\u0142o\u015b\u0107 pow\u0142oki to minimum 12 miesi\u0119cy.<br \/>Butelka posiada zamkni\u0119cie typu Flip-Top pozwalaj\u0105ce dozowa\u0107 preparat na za\u0142\u0105czony aplikator, a tak\u017ce atomizer do pokrywania du\u017cych powierzchni.<br \/>W sk\u0142ad oferowanego zestawu do ceramicznego zabezpieczenia reflektor\u00f3w wchodz\u0105:<\/p><p>Pow\u0142oka ceramiczna Neoxal No.12- 50ml.<br \/>Aplikator bawe\u0142niany do rozprowadzenia pow\u0142oki ceramicznej- 3sztuki<br \/>Delikatna, bezszwowa mikrofibra (kolor mo\u017ce r\u00f3\u017cni\u0107 si\u0119 od zdj\u0119cia).<br \/>Nalepka firmowa<br \/>Instrukcja<\/p><p>Instrukcja u\u017cycia:<br \/>1. Nanie\u015b\u0107 preparat na bawe\u0142niany p\u0142atek.<br \/>2. P\u0142atkiem rozprowad\u017a cienk\u0105 warstw\u0105 produktu na zabezpieczanej powierzchni.<br \/>3. Odczekaj kilkadziesi\u0105t sekund i dotrzyj mikrofibr\u0105.<br \/>4. Chro\u0144 przed wilgoci\u0105 przez 12 godzin.<br \/>5. Przez 7 dni nie stosuj detergent\u00f3w. Myj tylko wod\u0105.<\/p>\t\t\t\t\t\t<\/div>\n\t\t\t\t<\/div>\n\t\t\t\t\t<\/div>\n\t\t<\/div>\n\t\t\t\t\t<\/div>\n\t\t<\/section>\n\t\t\t\t<section class=\"elementor-section elementor-top-section elementor-element elementor-element-9e9ac2d elementor-section-boxed elementor-section-height-default elementor-section-height-default\" data-id=\"9e9ac2d\" data-element_type=\"section\">\n\t\t\t\t\t\t<div class=\"elementor-container elementor-column-gap-default\">\n\t\t\t\t\t<div class=\"elementor-column elementor-col-100 elementor-top-column elementor-element elementor-element-c323d3e\" data-id=\"c323d3e\" data-element_type=\"column\">\n\t\t\t<div class=\"elementor-widget-wrap elementor-element-populated\">\n\t\t\t\t\t\t<div class=\"elementor-element elementor-element-989a338 elementor-widget elementor-widget-text-editor\" data-id=\"989a338\" data-element_type=\"widget\" data-widget_type=\"text-editor.default\">\n\t\t\t\t<div class=\"elementor-widget-container\">\n\t\t\t\t\t\t\t<h5><strong>Dlaczego warto stosowa\u0107 ceramiczne zabezpieczenie reflektora Neoxal no.12?<\/strong><\/h5><ul><li><strong>Je\u015bli zabezpieczymy nowe, nie zestarzej\u0105 si\u0119 tak szybko. <\/strong>Pow\u0142oka Neoxal No.12 tworzy znacznie twardsz\u0105 ni\u017c fabryczna ochron\u0119<\/li><li><strong>Polerowanie reflektor\u00f3w<\/strong> samochodowych z poliw\u0119glanu wi\u0105\u017ce si\u0119 z konieczno\u015bci\u0105 <strong>zeszlifowania ich uszkodzonej powierzchni zabezpieczaj\u0105cej<\/strong>.<\/li><li>Po polerowaniu lampy s\u0105 jej pozbawione i nale\u017cy j\u0105 ponownie nanie\u015b\u0107. Opracowanym do tego produktem jest Neoxal No.12.<\/li><\/ul><h6>Czy pow\u0142oka ceramiczna Neoxal No.12 faktycznie tworzy warstw\u0119 ochron\u0105?<\/h6><h6><strong>Odpowied\u017a brzmi \u2013 TAK!<\/strong><\/h6><p>Zobacz efekt dzia\u0142ania pow\u0142oki ceramicznej Neoxal No.12. Przeprowadzili\u015bmy tzw. &#8220;test kapsla&#8221;. Po odparowaniu rozpuszczalnik\u00f3w nast\u0105pi\u0142o utwardzenie si\u0119 pow\u0142oki, powsta\u0142a prze\u017aroczysta, sztywna warstwa ochronna (na zdj\u0119ciu). Tak utwardzon\u0105 pow\u0142ok\u0119 ceramiczn\u0105 mo\u017cna usun\u0105\u0107 jedynie mechanicznie.<\/p><h6>\u00a0<\/h6>\t\t\t\t\t\t<\/div>\n\t\t\t\t<\/div>\n\t\t\t\t<div class=\"elementor-element elementor-element-afc392e elementor-widget elementor-widget-image\" data-id=\"afc392e\" data-element_type=\"widget\" data-widget_type=\"image.default\">\n\t\t\t\t<div class=\"elementor-widget-container\">\n\t\t\t\t\t\t\t\t\t\t\t\t\t<img decoding=\"async\" width=\"1024\" height=\"352\" src=\"https:\/\/neoxal.com\/wp-content\/uploads\/2019\/11\/IMAG1760-1-1024x352.jpg\" class=\"attachment-large size-large wp-image-1158\" alt=\"\" srcset=\"https:\/\/neoxal.com\/wp-content\/uploads\/2019\/11\/IMAG1760-1-1024x352.jpg 1024w, https:\/\/neoxal.com\/wp-content\/uploads\/2019\/11\/IMAG1760-1-300x103.jpg 300w, https:\/\/neoxal.com\/wp-content\/uploads\/2019\/11\/IMAG1760-1-768x264.jpg 768w, https:\/\/neoxal.com\/wp-content\/uploads\/2019\/11\/IMAG1760-1.jpg 1200w\" sizes=\"(max-width: 1024px) 100vw, 1024px\" \/>\t\t\t\t\t\t\t\t\t\t\t\t\t<\/div>\n\t\t\t\t<\/div>\n\t\t\t\t\t<\/div>\n\t\t<\/div>\n\t\t\t\t\t<\/div>\n\t\t<\/section>\n\t\t\t\t<\/div>\n\t\t<!-- AddThis Advanced Settings generic via filter on the_content --><!-- AddThis Share Buttons generic via filter on the_content -->","protected":false},"excerpt":{"rendered":"<p>Gdzie kupi\u0107 Zabezpieczenie lamp samochodowych i tworzyw sztucznych, chomu oraz felg Ceramiczna pow\u0142oka Neoxal No.12 s\u0142u\u017cy do trwa\u0142ego zabezpieczania powierzchni reflektor\u00f3w samochodowych z poliw\u0119glanu, element\u00f3w z tworzyw sztucznych, chromu oraz felg. To jedna z najskuteczniejszych metod zabezpieczenia przed szkodliwym wyp\u0142ywem czynnik\u00f3w zewn\u0119trznych, powoduj\u0105cych oksydacj\u0119, matowienie i \u017c\u00f3\u0142kni\u0119cie poliw\u0119glanowych kloszy, element\u00f3w z tworzyw sztucznych i felg. &hellip;<\/p>\n<p class=\"read-more\"> <a class=\"\" href=\"https:\/\/neoxal.com\/?page_id=134&#038;lang=pl\"> <span class=\"screen-reader-text\">NEOXAL 12- zabezpieczenie lamp samochodowych i tworzyw sztucznych, chomu oraz felg<\/span> Read More &raquo;<\/a><\/p>\n<p><!-- AddThis Advanced Settings generic via filter on get_the_excerpt --><!-- AddThis Share Buttons generic via filter on get_the_excerpt --><\/p>\n","protected":false},"author":1,"featured_media":0,"parent":0,"menu_order":0,"comment_status":"closed","ping_status":"closed","template":"","meta":[],"aioseo_notices":[],"_links":{"self":[{"href":"https:\/\/neoxal.com\/index.php?rest_route=\/wp\/v2\/pages\/134"}],"collection":[{"href":"https:\/\/neoxal.com\/index.php?rest_route=\/wp\/v2\/pages"}],"about":[{"href":"https:\/\/neoxal.com\/index.php?rest_route=\/wp\/v2\/types\/page"}],"author":[{"embeddable":true,"href":"https:\/\/neoxal.com\/index.php?rest_route=\/wp\/v2\/users\/1"}],"replies":[{"embeddable":true,"href":"https:\/\/neoxal.com\/index.php?rest_route=%2Fwp%2Fv2%2Fcomments&post=134"}],"version-history":[{"count":53,"href":"https:\/\/neoxal.com\/index.php?rest_route=\/wp\/v2\/pages\/134\/revisions"}],"predecessor-version":[{"id":2382,"href":"https:\/\/neoxal.com\/index.php?rest_route=\/wp\/v2\/pages\/134\/revisions\/2382"}],"wp:attachment":[{"href":"https:\/\/neoxal.com\/index.php?rest_route=%2Fwp%2Fv2%2Fmedia&parent=134"}],"curies":[{"name":"wp","href":"https:\/\/api.w.org\/{rel}","templated":true}]}}