{"id":2115,"date":"2024-02-29T20:07:13","date_gmt":"2024-02-29T20:07:13","guid":{"rendered":"https:\/\/neoxal.com\/?page_id=2115"},"modified":"2026-02-11T12:36:59","modified_gmt":"2026-02-11T12:36:59","slug":"neoxal-n100-szampon-z-sio2","status":"publish","type":"page","link":"http:\/\/neoxal.com\/?page_id=2115&lang=pl","title":{"rendered":"Neoxal N100 Szampon z Sio2"},"content":{"rendered":"\t\t<div data-elementor-type=\"wp-page\" data-elementor-id=\"2115\" class=\"elementor elementor-2115\">\n\t\t\t\t\t\t<section class=\"elementor-section elementor-top-section elementor-element elementor-element-64ffce2 elementor-section-boxed elementor-section-height-default elementor-section-height-default\" data-id=\"64ffce2\" data-element_type=\"section\">\n\t\t\t\t\t\t<div class=\"elementor-container elementor-column-gap-default\">\n\t\t\t\t\t<div class=\"elementor-column elementor-col-100 elementor-top-column elementor-element elementor-element-5fb5404\" data-id=\"5fb5404\" data-element_type=\"column\">\n\t\t\t<div class=\"elementor-widget-wrap elementor-element-populated\">\n\t\t\t\t\t\t<section class=\"elementor-section elementor-inner-section elementor-element elementor-element-9807dac elementor-section-boxed elementor-section-height-default elementor-section-height-default\" data-id=\"9807dac\" data-element_type=\"section\">\n\t\t\t\t\t\t<div class=\"elementor-container elementor-column-gap-default\">\n\t\t\t\t\t<div class=\"elementor-column elementor-col-50 elementor-inner-column elementor-element elementor-element-630fcab\" data-id=\"630fcab\" data-element_type=\"column\">\n\t\t\t<div class=\"elementor-widget-wrap\">\n\t\t\t\t\t\t\t<\/div>\n\t\t<\/div>\n\t\t\t\t<div class=\"elementor-column elementor-col-50 elementor-inner-column elementor-element elementor-element-d59c206\" data-id=\"d59c206\" data-element_type=\"column\">\n\t\t\t<div class=\"elementor-widget-wrap\">\n\t\t\t\t\t\t\t<\/div>\n\t\t<\/div>\n\t\t\t\t\t<\/div>\n\t\t<\/section>\n\t\t\t\t\t<\/div>\n\t\t<\/div>\n\t\t\t\t\t<\/div>\n\t\t<\/section>\n\t\t\t\t<section class=\"elementor-section elementor-top-section elementor-element elementor-element-e9bfe36 elementor-section-boxed elementor-section-height-default elementor-section-height-default\" data-id=\"e9bfe36\" data-element_type=\"section\">\n\t\t\t\t\t\t<div class=\"elementor-container elementor-column-gap-default\">\n\t\t\t\t\t<div class=\"elementor-column elementor-col-50 elementor-top-column elementor-element elementor-element-ef96482\" data-id=\"ef96482\" data-element_type=\"column\">\n\t\t\t<div class=\"elementor-widget-wrap elementor-element-populated\">\n\t\t\t\t\t\t<div class=\"elementor-element elementor-element-c9fb819 elementor-widget elementor-widget-image\" data-id=\"c9fb819\" data-element_type=\"widget\" data-widget_type=\"image.default\">\n\t\t\t\t<div class=\"elementor-widget-container\">\n\t\t\t\t\t\t\t\t\t\t\t\t\t<img fetchpriority=\"high\" decoding=\"async\" width=\"252\" height=\"300\" src=\"http:\/\/neoxal.com\/wp-content\/uploads\/2024\/02\/N100-W-252x300.jpg\" class=\"attachment-medium size-medium wp-image-2124\" alt=\"\" srcset=\"http:\/\/neoxal.com\/wp-content\/uploads\/2024\/02\/N100-W-252x300.jpg 252w, http:\/\/neoxal.com\/wp-content\/uploads\/2024\/02\/N100-W-861x1024.jpg 861w, http:\/\/neoxal.com\/wp-content\/uploads\/2024\/02\/N100-W-768x913.jpg 768w, http:\/\/neoxal.com\/wp-content\/uploads\/2024\/02\/N100-W.jpg 1200w\" sizes=\"(max-width: 252px) 100vw, 252px\" \/>\t\t\t\t\t\t\t\t\t\t\t\t\t<\/div>\n\t\t\t\t<\/div>\n\t\t\t\t<div class=\"elementor-element elementor-element-01055fc elementor-align-center elementor-widget elementor-widget-button\" data-id=\"01055fc\" data-element_type=\"widget\" data-widget_type=\"button.default\">\n\t\t\t\t<div class=\"elementor-widget-container\">\n\t\t\t\t\t<div class=\"elementor-button-wrapper\">\n\t\t\t<a class=\"elementor-button elementor-button-link elementor-size-sm elementor-animation-shrink\" href=\"https:\/\/allegro.pl\/oferta\/neoxal-n100-szampon-z-sio2-14987925182\">\n\t\t\t\t\t\t<span class=\"elementor-button-content-wrapper\">\n\t\t\t\t\t\t<span class=\"elementor-button-icon\">\n\t\t\t\t<i aria-hidden=\"true\" class=\"fas fa-shopping-cart\"><\/i>\t\t\t<\/span>\n\t\t\t\t\t\t\t\t\t<span class=\"elementor-button-text\">500 ml  <\/span>\n\t\t\t\t\t<\/span>\n\t\t\t\t\t<\/a>\n\t\t<\/div>\n\t\t\t\t<\/div>\n\t\t\t\t<\/div>\n\t\t\t\t<div class=\"elementor-element elementor-element-7eb647b elementor-align-center elementor-widget elementor-widget-button\" data-id=\"7eb647b\" data-element_type=\"widget\" data-widget_type=\"button.default\">\n\t\t\t\t<div class=\"elementor-widget-container\">\n\t\t\t\t\t<div class=\"elementor-button-wrapper\">\n\t\t\t<a class=\"elementor-button elementor-button-link elementor-size-sm elementor-animation-shrink\" href=\"https:\/\/allegro.pl\/oferta\/neoxal-n100-nano-szampon-z-sio2-2l-17215134121\">\n\t\t\t\t\t\t<span class=\"elementor-button-content-wrapper\">\n\t\t\t\t\t\t<span class=\"elementor-button-icon\">\n\t\t\t\t<i aria-hidden=\"true\" class=\"fas fa-shopping-cart\"><\/i>\t\t\t<\/span>\n\t\t\t\t\t\t\t\t\t<span class=\"elementor-button-text\">2 litry<\/span>\n\t\t\t\t\t<\/span>\n\t\t\t\t\t<\/a>\n\t\t<\/div>\n\t\t\t\t<\/div>\n\t\t\t\t<\/div>\n\t\t\t\t\t<\/div>\n\t\t<\/div>\n\t\t\t\t<div class=\"elementor-column elementor-col-50 elementor-top-column elementor-element elementor-element-2d8dc8f\" data-id=\"2d8dc8f\" data-element_type=\"column\">\n\t\t\t<div class=\"elementor-widget-wrap elementor-element-populated\">\n\t\t\t\t\t\t<div class=\"elementor-element elementor-element-683cec2 elementor-widget elementor-widget-heading\" data-id=\"683cec2\" data-element_type=\"widget\" data-widget_type=\"heading.default\">\n\t\t\t\t<div class=\"elementor-widget-container\">\n\t\t\t<h1 class=\"elementor-heading-title elementor-size-default\">Neoxal N100 Szampon z Sio2<\/h1>\t\t<\/div>\n\t\t\t\t<\/div>\n\t\t\t\t<div class=\"elementor-element elementor-element-49617a1 elementor-widget elementor-widget-text-editor\" data-id=\"49617a1\" data-element_type=\"widget\" data-widget_type=\"text-editor.default\">\n\t\t\t\t<div class=\"elementor-widget-container\">\n\t\t\t\t\t\t\t<p style=\"color: rgba(0, 0, 0, 0.87); font-family: 'Open Sans', sans-serif; font-size: 16px; font-style: normal; font-weight: 400;\"><b>Multifunkcyjny Szampon z SiO2 &#8211; koncentrat<\/b><\/p><p style=\"color: rgba(0, 0, 0, 0.87); font-family: 'Open Sans', sans-serif; font-size: 16px; font-style: normal; font-weight: 400;\">NEOXAL N100 to innowacyjny koncentrat, kt\u00f3ry mo\u017ce by\u0107 stosowany do wielu cel\u00f3w zwi\u0105zanych z piel\u0119gnacj\u0105 pojazd\u00f3w mechanicznych. Jest bezpieczny dla r\u00f3\u017cnorodnych powierzchni, dzi\u0119ki neutralnemu pH, oraz dzia\u0142a regeneruj\u0105co na woski i sealant-y. Tworzy dodatkow\u0105 warstw\u0119 o wyj\u0105tkowym po\u0142ysku i w\u0142a\u015bciwo\u015bciach silnie hydrofobowych. Na szybach pozostawia efekt &#8220;Niewidzialnej wycieraczki&#8221;. Produkt mo\u017cna stosowa\u0107 do serwisowania pow\u0142ok ceramicznych, \u00a0mycia, lakieru, plastiku, gumy, szk\u0142a, element\u00f3w chromowanych, aluminium, \u017celkotu i karbonu. Czyni go to wszechstronnym i praktycznym w u\u017cytkowaniu.<\/p><p style=\"color: rgba(0, 0, 0, 0.87); font-family: 'Open Sans', sans-serif; font-size: 16px; font-style: normal; font-weight: 400;\">SPOSOBY WYKORZYSTANIA i procedury aplikacji:<\/p><p style=\"color: rgba(0, 0, 0, 0.87); font-family: 'Open Sans', sans-serif; font-size: 16px; font-style: normal; font-weight: 400;\">Jako\u00a0<b>szampon samochodowy<\/b>:<\/p><p style=\"color: rgba(0, 0, 0, 0.87); font-family: 'Open Sans', sans-serif; font-size: 16px; font-style: normal; font-weight: 400;\">a. Wiadro i g\u0105bka: Wla\u0107 25 do 50 ml N100 do 5 \u00a0litr\u00f3w ciep\u0142ej wody. Umy\u0107 pojazd. Op\u0142uka\u0107 i osuszy\u0107 powierzchni\u0119 r\u0119cznikiem z mikrofibry.<\/p><p style=\"color: rgba(0, 0, 0, 0.87); font-family: 'Open Sans', sans-serif; font-size: 16px; font-style: normal; font-weight: 400;\">b. Szampon bez sp\u0142ukiwania (lekki br\u00f3d i przykurzenia): Wla\u0107 25 do 50 ml N100 do 5 litr\u00f3w ciep\u0142ej wody. Umy\u0107 pojazd. Osuszy\u0107 powierzchni\u0119 r\u0119cznikiem z mikrofibry.<\/p><p style=\"color: rgba(0, 0, 0, 0.87); font-family: 'Open Sans', sans-serif; font-size: 16px; font-style: normal; font-weight: 400;\">c. Pianownica: Wla\u0107 50 do 100 ml N100 do 400 ml ciep\u0142ej wody.<\/p><p style=\"color: rgba(0, 0, 0, 0.87); font-family: 'Open Sans', sans-serif; font-size: 16px; font-style: normal; font-weight: 400;\">d.Bezpo\u015brednie nanoszenie myjk\u0105 ci\u015bnieniow\u0105: St\u0119\u017cenie preparatu powinno mie\u015bci\u0107 si\u0119 w granicy 1-2%<\/p><p style=\"color: rgba(0, 0, 0, 0.87); font-family: 'Open Sans', sans-serif; font-size: 16px; font-style: normal; font-weight: 400;\">Jako\u00a0<b>Wet Coat<\/b>:\u00a0 Do butelki z atomizerem wla\u0107 50 ml N100 i\u00a0 450 ml ciep\u0142ej wody i wstrz\u0105sn\u0105\u0107. Spryska\u0107 umyty, mokry pojazd, nast\u0119pnie op\u0142uka\u0107 wod\u0105.<\/p><p style=\"color: rgba(0, 0, 0, 0.87); font-family: 'Open Sans', sans-serif; font-size: 16px; font-style: normal; font-weight: 400;\">Jako\u00a0<b>Quick Detailer<\/b>: Wla\u0107 100 ml preparatu do 400 ml ciep\u0142ej wody w butelce z atomizerem. Mo\u017cna pracowa\u0107 zimnym produktem.<\/p><p style=\"color: rgba(0, 0, 0, 0.87); font-family: 'Open Sans', sans-serif; font-size: 16px; font-style: normal; font-weight: 400;\">Dodatkowe wskaz\u00f3wki:<\/p><p style=\"color: rgba(0, 0, 0, 0.87); font-family: 'Open Sans', sans-serif; font-size: 16px; font-style: normal; font-weight: 400;\">Bezpiecznie jest pracowa\u0107 etapami. Nigdy nie pozw\u00f3l, aby produkt wysech\u0142 na piel\u0119gnowanej powierzchni. NIGDY NIE MY\u0106 W BEZPO\u015aREDNIM \u015aWIETLE S\u0141ONECZNYM!<\/p>\t\t\t\t\t\t<\/div>\n\t\t\t\t<\/div>\n\t\t\t\t<div class=\"elementor-element elementor-element-61fcd58 elementor-align-center elementor-widget elementor-widget-button\" data-id=\"61fcd58\" data-element_type=\"widget\" data-widget_type=\"button.default\">\n\t\t\t\t<div class=\"elementor-widget-container\">\n\t\t\t\t\t<div class=\"elementor-button-wrapper\">\n\t\t\t<a class=\"elementor-button elementor-button-link elementor-size-sm elementor-animation-shrink\" href=\"https:\/\/allegro.pl\/oferta\/neoxal-n100-nano-szampon-z-sio2-2l-17215134121\">\n\t\t\t\t\t\t<span class=\"elementor-button-content-wrapper\">\n\t\t\t\t\t\t<span class=\"elementor-button-icon\">\n\t\t\t\t<i aria-hidden=\"true\" class=\"fas fa-shopping-cart\"><\/i>\t\t\t<\/span>\n\t\t\t\t\t\t\t\t\t<span class=\"elementor-button-text\">2 litry<\/span>\n\t\t\t\t\t<\/span>\n\t\t\t\t\t<\/a>\n\t\t<\/div>\n\t\t\t\t<\/div>\n\t\t\t\t<\/div>\n\t\t\t\t\t<\/div>\n\t\t<\/div>\n\t\t\t\t\t<\/div>\n\t\t<\/section>\n\t\t\t\t<section class=\"elementor-section elementor-top-section elementor-element elementor-element-93542e2 elementor-section-boxed elementor-section-height-default elementor-section-height-default\" data-id=\"93542e2\" data-element_type=\"section\">\n\t\t\t\t\t\t<div class=\"elementor-container elementor-column-gap-default\">\n\t\t\t\t\t<div class=\"elementor-column elementor-col-100 elementor-top-column elementor-element elementor-element-238f650\" data-id=\"238f650\" data-element_type=\"column\">\n\t\t\t<div class=\"elementor-widget-wrap elementor-element-populated\">\n\t\t\t\t\t\t<div class=\"elementor-element elementor-element-8ca775d elementor-align-center elementor-widget elementor-widget-button\" data-id=\"8ca775d\" data-element_type=\"widget\" data-widget_type=\"button.default\">\n\t\t\t\t<div class=\"elementor-widget-container\">\n\t\t\t\t\t<div class=\"elementor-button-wrapper\">\n\t\t\t<a class=\"elementor-button elementor-button-link elementor-size-sm elementor-animation-shrink\" href=\"https:\/\/allegro.pl\/oferta\/neoxal-n100-szampon-z-sio2-14987925182\">\n\t\t\t\t\t\t<span class=\"elementor-button-content-wrapper\">\n\t\t\t\t\t\t<span class=\"elementor-button-icon\">\n\t\t\t\t<i aria-hidden=\"true\" class=\"fas fa-shopping-cart\"><\/i>\t\t\t<\/span>\n\t\t\t\t\t\t\t\t\t<span class=\"elementor-button-text\">500 ml  <\/span>\n\t\t\t\t\t<\/span>\n\t\t\t\t\t<\/a>\n\t\t<\/div>\n\t\t\t\t<\/div>\n\t\t\t\t<\/div>\n\t\t\t\t\t<\/div>\n\t\t<\/div>\n\t\t\t\t\t<\/div>\n\t\t<\/section>\n\t\t\t\t<\/div>\n\t\t<!-- AddThis Advanced Settings generic via filter on the_content --><!-- AddThis Share Buttons generic via filter on the_content -->","protected":false},"excerpt":{"rendered":"<p>500 ml 2 litry Neoxal N100 Szampon z Sio2 Multifunkcyjny Szampon z SiO2 &#8211; koncentrat NEOXAL N100 to innowacyjny koncentrat, kt\u00f3ry mo\u017ce by\u0107 stosowany do wielu cel\u00f3w zwi\u0105zanych z piel\u0119gnacj\u0105 pojazd\u00f3w mechanicznych. Jest bezpieczny dla r\u00f3\u017cnorodnych powierzchni, dzi\u0119ki neutralnemu pH, oraz dzia\u0142a regeneruj\u0105co na woski i sealant-y. Tworzy dodatkow\u0105 warstw\u0119 o wyj\u0105tkowym po\u0142ysku i w\u0142a\u015bciwo\u015bciach &hellip;<\/p>\n<p class=\"read-more\"> <a class=\"\" href=\"http:\/\/neoxal.com\/?page_id=2115&#038;lang=pl\"> <span class=\"screen-reader-text\">Neoxal N100 Szampon z Sio2<\/span> Read More &raquo;<\/a><\/p>\n<p><!-- AddThis Advanced Settings generic via filter on get_the_excerpt --><!-- AddThis Share Buttons generic via filter on get_the_excerpt --><\/p>\n","protected":false},"author":1,"featured_media":0,"parent":0,"menu_order":0,"comment_status":"closed","ping_status":"closed","template":"","meta":[],"aioseo_notices":[],"_links":{"self":[{"href":"http:\/\/neoxal.com\/index.php?rest_route=\/wp\/v2\/pages\/2115"}],"collection":[{"href":"http:\/\/neoxal.com\/index.php?rest_route=\/wp\/v2\/pages"}],"about":[{"href":"http:\/\/neoxal.com\/index.php?rest_route=\/wp\/v2\/types\/page"}],"author":[{"embeddable":true,"href":"http:\/\/neoxal.com\/index.php?rest_route=\/wp\/v2\/users\/1"}],"replies":[{"embeddable":true,"href":"http:\/\/neoxal.com\/index.php?rest_route=%2Fwp%2Fv2%2Fcomments&post=2115"}],"version-history":[{"count":19,"href":"http:\/\/neoxal.com\/index.php?rest_route=\/wp\/v2\/pages\/2115\/revisions"}],"predecessor-version":[{"id":2386,"href":"http:\/\/neoxal.com\/index.php?rest_route=\/wp\/v2\/pages\/2115\/revisions\/2386"}],"wp:attachment":[{"href":"http:\/\/neoxal.com\/index.php?rest_route=%2Fwp%2Fv2%2Fmedia&parent=2115"}],"curies":[{"name":"wp","href":"https:\/\/api.w.org\/{rel}","templated":true}]}}