{"id":1928,"date":"2022-10-06T20:36:49","date_gmt":"2022-10-06T20:36:49","guid":{"rendered":"https:\/\/www.neoxal.com\/?page_id=1928"},"modified":"2023-09-14T22:02:10","modified_gmt":"2023-09-14T22:02:10","slug":"neoxal-show-cars-quick-detailer-booster","status":"publish","type":"page","link":"http:\/\/neoxal.com\/?page_id=1928&lang=pl","title":{"rendered":"Neoxal Show Cars quick detailer \\ booster"},"content":{"rendered":"\t\t<div data-elementor-type=\"wp-page\" data-elementor-id=\"1928\" class=\"elementor elementor-1928\">\n\t\t\t\t\t\t<section class=\"elementor-section elementor-top-section elementor-element elementor-element-4dacd02 elementor-section-boxed elementor-section-height-default elementor-section-height-default\" data-id=\"4dacd02\" data-element_type=\"section\">\n\t\t\t\t\t\t<div class=\"elementor-container elementor-column-gap-default\">\n\t\t\t\t\t<div class=\"elementor-column elementor-col-50 elementor-top-column elementor-element elementor-element-7629091\" data-id=\"7629091\" data-element_type=\"column\">\n\t\t\t<div class=\"elementor-widget-wrap elementor-element-populated\">\n\t\t\t\t\t\t<div class=\"elementor-element elementor-element-066cc47 elementor-widget elementor-widget-image\" data-id=\"066cc47\" data-element_type=\"widget\" data-widget_type=\"image.default\">\n\t\t\t\t<div class=\"elementor-widget-container\">\n\t\t\t\t\t\t\t\t\t\t\t\t\t<img fetchpriority=\"high\" decoding=\"async\" width=\"300\" height=\"300\" src=\"http:\/\/neoxal.com\/wp-content\/uploads\/2022\/10\/quick-show-cars-300x300.jpg\" class=\"attachment-medium size-medium wp-image-1933\" alt=\"\" srcset=\"http:\/\/neoxal.com\/wp-content\/uploads\/2022\/10\/quick-show-cars-300x300.jpg 300w, http:\/\/neoxal.com\/wp-content\/uploads\/2022\/10\/quick-show-cars-1024x1024.jpg 1024w, http:\/\/neoxal.com\/wp-content\/uploads\/2022\/10\/quick-show-cars-150x150.jpg 150w, http:\/\/neoxal.com\/wp-content\/uploads\/2022\/10\/quick-show-cars-768x768.jpg 768w, http:\/\/neoxal.com\/wp-content\/uploads\/2022\/10\/quick-show-cars.jpg 1200w\" sizes=\"(max-width: 300px) 100vw, 300px\" \/>\t\t\t\t\t\t\t\t\t\t\t\t\t<\/div>\n\t\t\t\t<\/div>\n\t\t\t\t<div class=\"elementor-element elementor-element-14d6a2c elementor-align-center elementor-widget elementor-widget-button\" data-id=\"14d6a2c\" data-element_type=\"widget\" data-widget_type=\"button.default\">\n\t\t\t\t<div class=\"elementor-widget-container\">\n\t\t\t\t\t<div class=\"elementor-button-wrapper\">\n\t\t\t<a class=\"elementor-button elementor-button-link elementor-size-sm elementor-animation-shrink\" href=\"https:\/\/allegro.pl\/oferta\/neoxal-show-cars-quick-detailer-200-ml-14295463569\">\n\t\t\t\t\t\t<span class=\"elementor-button-content-wrapper\">\n\t\t\t\t\t\t<span class=\"elementor-button-icon\">\n\t\t\t\t<i aria-hidden=\"true\" class=\"fas fa-shopping-cart\"><\/i>\t\t\t<\/span>\n\t\t\t\t\t\t\t\t\t<span class=\"elementor-button-text\">200 ml<\/span>\n\t\t\t\t\t<\/span>\n\t\t\t\t\t<\/a>\n\t\t<\/div>\n\t\t\t\t<\/div>\n\t\t\t\t<\/div>\n\t\t\t\t<div class=\"elementor-element elementor-element-aaa3034 elementor-align-center elementor-widget elementor-widget-button\" data-id=\"aaa3034\" data-element_type=\"widget\" data-widget_type=\"button.default\">\n\t\t\t\t<div class=\"elementor-widget-container\">\n\t\t\t\t\t<div class=\"elementor-button-wrapper\">\n\t\t\t<a class=\"elementor-button elementor-button-link elementor-size-sm elementor-animation-shrink\" href=\"https:\/\/allegro.pl\/oferta\/neoxal-show-cars-quick-detailer-500-ml-14295420784?reco_id=3a2432bc-534a-11ee-93df-b6ff5349d657&#038;sid=041047f9c36843e364ecb91b45c568a2755aa386fe7e14ee7421a14291fbf951\">\n\t\t\t\t\t\t<span class=\"elementor-button-content-wrapper\">\n\t\t\t\t\t\t<span class=\"elementor-button-icon\">\n\t\t\t\t<i aria-hidden=\"true\" class=\"fas fa-shopping-cart\"><\/i>\t\t\t<\/span>\n\t\t\t\t\t\t\t\t\t<span class=\"elementor-button-text\">500 ml<\/span>\n\t\t\t\t\t<\/span>\n\t\t\t\t\t<\/a>\n\t\t<\/div>\n\t\t\t\t<\/div>\n\t\t\t\t<\/div>\n\t\t\t\t\t<\/div>\n\t\t<\/div>\n\t\t\t\t<div class=\"elementor-column elementor-col-50 elementor-top-column elementor-element elementor-element-f0ef933\" data-id=\"f0ef933\" data-element_type=\"column\">\n\t\t\t<div class=\"elementor-widget-wrap elementor-element-populated\">\n\t\t\t\t\t\t<div class=\"elementor-element elementor-element-3d9b077 elementor-widget elementor-widget-heading\" data-id=\"3d9b077\" data-element_type=\"widget\" data-widget_type=\"heading.default\">\n\t\t\t\t<div class=\"elementor-widget-container\">\n\t\t\t<h6 class=\"elementor-heading-title elementor-size-default\"><p><span style=\"font-size:18.0pt;mso-bidi-font-size:8.0pt\">Neoxal Show Cars quick detailer \\ booster  <\/span><span style=\"font-size: 18\n\npx; font-weight: 400;\"><\/span><\/p><\/h6>\t\t<\/div>\n\t\t\t\t<\/div>\n\t\t\t\t<div class=\"elementor-element elementor-element-9aa008a elementor-widget elementor-widget-text-editor\" data-id=\"9aa008a\" data-element_type=\"widget\" data-widget_type=\"text-editor.default\">\n\t\t\t\t<div class=\"elementor-widget-container\">\n\t\t\t\t\t\t\t<div dir=\"auto\"><p>Hybrydowy quick detailer SiO2\/TiO2 o podwy\u017cszonym po\u0142ysku.\u00a0 Stosowany samodzielnie lub jako booster pow\u0142ok ceramicznych.<br \/>Jest \u0142atwy w u\u017cyciu. Po prostu raz pry\u015bnij na panel, raz na mikrofibr\u0119, rozprowad\u017a prostymi ruchami such\u0105 stron\u0105\u00a0 fibry. Wypoleruj.\u00a0Zawarte w nim \u015brodki polimerowe i zwil\u017caj\u0105ce wzmacniaj\u0105 po\u0142ysk i uszczelniaj\u0105 powierzchni\u0119. Tworz\u0105 \u015blisk\u0105 i tward\u0105 warstw\u0119 ochronn\u0105.<\/p><p><strong>Neoxal Show Cars quick detailer \\ booster <\/strong>mo\u017ce by\u0107 u\u017cywany do szybkiego oczyszczenia z kurzu i odcisk\u00f3w palc\u00f3w. Idealny na imprezy motoryzacyjne lub po prostu sobotni poranek. <strong>Neoxal Show Cars quick detailer \\ booster <\/strong>zapewnia profesjonalne wyko\u0144czenie ka\u017cdego procesu detailingowego.<\/p><p><strong>Cechy i zalety<\/strong>:<\/p><ul><li>\u0141atwo\u015b\u0107 u\u017cycia<\/li><li>Bloker UV<\/li><li>Znakomity po\u0142ysk i ochrona<\/li><li>W\u0142a\u015bciwo\u015bci hydrofobowe i g\u0142\u0119boki po\u0142ysk mokrego auta<\/li><li>Po\u0142\u0105czenie oczyszczonych cz\u0105steczek SiO2 \/ TiO2 nadaje w\u0142a\u015bciwo\u015bci antystatycznych<\/li><li>Neutralny zapach<\/li><li>Bezpieczny dla ka\u017cdej powierzchni<\/li><\/ul><p><strong>Wskazania i rekomendacje:<\/strong><\/p><p>Aby uzyska\u0107 najlepsze wyniki, nak\u0142adaj <strong>Neoxal Show Cars quick detailer \\ booster <\/strong>bezpo\u015brednio na umyty pojazd . Mo\u017cesz to robi\u0107 za ka\u017cdym razem.<\/p><p>Spos\u00f3b u\u017cycia:<\/p><p>Dobrze wstrz\u0105\u015bnij butelk\u0105, lekko rozpyl na z\u0142o\u017conej \u015bciereczce z mikrofibry i delikatnie rozpyl na panel. Delikatnie rozprowad\u017a prostymi ruchami. Za pomoc\u0105 \u015bwie\u017cej, mi\u0119kkiej \u015bciereczki z mikrofibry dotrzyj i wypoleruj do uzyskania g\u0142\u0119bokiego po\u0142ysku.<\/p><p><strong><u>ZALECENIA<\/u><\/strong>:\u00a0 Nie stosowa\u0107 na gor\u0105cy lakier lub w bezpo\u015brednim \u015bwietle s\u0142onecznym. Chroni\u0107 przed mrozem i gor\u0105cem<\/p><\/div>\t\t\t\t\t\t<\/div>\n\t\t\t\t<\/div>\n\t\t\t\t\t<\/div>\n\t\t<\/div>\n\t\t\t\t\t<\/div>\n\t\t<\/section>\n\t\t\t\t<\/div>\n\t\t<!-- AddThis Advanced Settings generic via filter on the_content --><!-- AddThis Share Buttons generic via filter on the_content -->","protected":false},"excerpt":{"rendered":"<p>200 ml 500 ml Neoxal Show Cars quick detailer booster Hybrydowy quick detailer SiO2\/TiO2 o podwy\u017cszonym po\u0142ysku.\u00a0 Stosowany samodzielnie lub jako booster pow\u0142ok ceramicznych.Jest \u0142atwy w u\u017cyciu. Po prostu raz pry\u015bnij na panel, raz na mikrofibr\u0119, rozprowad\u017a prostymi ruchami such\u0105 stron\u0105\u00a0 fibry. Wypoleruj.\u00a0Zawarte w nim \u015brodki polimerowe i zwil\u017caj\u0105ce wzmacniaj\u0105 po\u0142ysk i uszczelniaj\u0105 powierzchni\u0119. Tworz\u0105 &hellip;<\/p>\n<p class=\"read-more\"> <a class=\"\" href=\"http:\/\/neoxal.com\/?page_id=1928&#038;lang=pl\"> <span class=\"screen-reader-text\">Neoxal Show Cars quick detailer \\ booster<\/span> Read More &raquo;<\/a><\/p>\n<p><!-- AddThis Advanced Settings generic via filter on get_the_excerpt --><!-- AddThis Share Buttons generic via filter on get_the_excerpt --><\/p>\n","protected":false},"author":1,"featured_media":0,"parent":0,"menu_order":0,"comment_status":"closed","ping_status":"closed","template":"","meta":[],"aioseo_notices":[],"_links":{"self":[{"href":"http:\/\/neoxal.com\/index.php?rest_route=\/wp\/v2\/pages\/1928"}],"collection":[{"href":"http:\/\/neoxal.com\/index.php?rest_route=\/wp\/v2\/pages"}],"about":[{"href":"http:\/\/neoxal.com\/index.php?rest_route=\/wp\/v2\/types\/page"}],"author":[{"embeddable":true,"href":"http:\/\/neoxal.com\/index.php?rest_route=\/wp\/v2\/users\/1"}],"replies":[{"embeddable":true,"href":"http:\/\/neoxal.com\/index.php?rest_route=%2Fwp%2Fv2%2Fcomments&post=1928"}],"version-history":[{"count":25,"href":"http:\/\/neoxal.com\/index.php?rest_route=\/wp\/v2\/pages\/1928\/revisions"}],"predecessor-version":[{"id":2106,"href":"http:\/\/neoxal.com\/index.php?rest_route=\/wp\/v2\/pages\/1928\/revisions\/2106"}],"wp:attachment":[{"href":"http:\/\/neoxal.com\/index.php?rest_route=%2Fwp%2Fv2%2Fmedia&parent=1928"}],"curies":[{"name":"wp","href":"https:\/\/api.w.org\/{rel}","templated":true}]}}