{"id":1798,"date":"2022-02-11T20:00:43","date_gmt":"2022-02-11T20:00:43","guid":{"rendered":"https:\/\/www.neoxal.com\/?page_id=1798"},"modified":"2026-02-11T12:07:02","modified_gmt":"2026-02-11T12:07:02","slug":"neoxal-primer","status":"publish","type":"page","link":"http:\/\/neoxal.com\/?page_id=1798&lang=pl","title":{"rendered":"Neoxal Primer"},"content":{"rendered":"\t\t<div data-elementor-type=\"wp-page\" data-elementor-id=\"1798\" class=\"elementor elementor-1798\">\n\t\t\t\t\t\t<section class=\"elementor-section elementor-top-section elementor-element elementor-element-00b14ba elementor-section-boxed elementor-section-height-default elementor-section-height-default\" data-id=\"00b14ba\" data-element_type=\"section\">\n\t\t\t\t\t\t<div class=\"elementor-container elementor-column-gap-default\">\n\t\t\t\t\t<div class=\"elementor-column elementor-col-50 elementor-top-column elementor-element elementor-element-5616321\" data-id=\"5616321\" data-element_type=\"column\">\n\t\t\t<div class=\"elementor-widget-wrap elementor-element-populated\">\n\t\t\t\t\t\t<div class=\"elementor-element elementor-element-0d9220b elementor-widget elementor-widget-image\" data-id=\"0d9220b\" data-element_type=\"widget\" data-widget_type=\"image.default\">\n\t\t\t\t<div class=\"elementor-widget-container\">\n\t\t\t\t\t\t\t\t\t\t\t\t\t<img decoding=\"async\" src=\"http:\/\/neoxal.com\/wp-content\/uploads\/elementor\/thumbs\/zielony-jpg-pkdcqejjx3ubki6qbgvzlc6ldqb14hy6vj21huhag2.jpg\" title=\"zielony-jpg\" alt=\"zielony-jpg\" loading=\"lazy\" \/>\t\t\t\t\t\t\t\t\t\t\t\t\t<\/div>\n\t\t\t\t<\/div>\n\t\t\t\t<div class=\"elementor-element elementor-element-90d1379 elementor-align-center elementor-widget elementor-widget-button\" data-id=\"90d1379\" data-element_type=\"widget\" data-widget_type=\"button.default\">\n\t\t\t\t<div class=\"elementor-widget-container\">\n\t\t\t\t\t<div class=\"elementor-button-wrapper\">\n\t\t\t<a class=\"elementor-button elementor-button-link elementor-size-sm elementor-animation-shrink\" href=\"https:\/\/allegro.pl\/oferta\/neoxal-primer-cleaner-i-podklad-1-l-14180773978\">\n\t\t\t\t\t\t<span class=\"elementor-button-content-wrapper\">\n\t\t\t\t\t\t<span class=\"elementor-button-icon\">\n\t\t\t\t<i aria-hidden=\"true\" class=\"fas fa-shopping-cart\"><\/i>\t\t\t<\/span>\n\t\t\t\t\t\t\t\t\t<span class=\"elementor-button-text\">1l<\/span>\n\t\t\t\t\t<\/span>\n\t\t\t\t\t<\/a>\n\t\t<\/div>\n\t\t\t\t<\/div>\n\t\t\t\t<\/div>\n\t\t\t\t<div class=\"elementor-element elementor-element-c1f9ecb elementor-align-center elementor-widget elementor-widget-button\" data-id=\"c1f9ecb\" data-element_type=\"widget\" data-widget_type=\"button.default\">\n\t\t\t\t<div class=\"elementor-widget-container\">\n\t\t\t\t\t<div class=\"elementor-button-wrapper\">\n\t\t\t<a class=\"elementor-button elementor-button-link elementor-size-sm elementor-animation-shrink\" href=\"https:\/\/allegro.pl\/oferta\/neoxal-primer-cleaner-i-podklad-200-ml-14180565005\">\n\t\t\t\t\t\t<span class=\"elementor-button-content-wrapper\">\n\t\t\t\t\t\t<span class=\"elementor-button-icon\">\n\t\t\t\t<i aria-hidden=\"true\" class=\"fas fa-shopping-cart\"><\/i>\t\t\t<\/span>\n\t\t\t\t\t\t\t\t\t<span class=\"elementor-button-text\">200 ml<\/span>\n\t\t\t\t\t<\/span>\n\t\t\t\t\t<\/a>\n\t\t<\/div>\n\t\t\t\t<\/div>\n\t\t\t\t<\/div>\n\t\t\t\t\t<\/div>\n\t\t<\/div>\n\t\t\t\t<div class=\"elementor-column elementor-col-50 elementor-top-column elementor-element elementor-element-d432110\" data-id=\"d432110\" data-element_type=\"column\" data-settings=\"{&quot;background_background&quot;:&quot;classic&quot;}\">\n\t\t\t<div class=\"elementor-widget-wrap elementor-element-populated\">\n\t\t\t\t\t\t<div class=\"elementor-element elementor-element-0ca03a3 elementor-widget elementor-widget-heading\" data-id=\"0ca03a3\" data-element_type=\"widget\" data-widget_type=\"heading.default\">\n\t\t\t\t<div class=\"elementor-widget-container\">\n\t\t\t<h2 class=\"elementor-heading-title elementor-size-default\">Neoxal Primer \n<\/h2>\t\t<\/div>\n\t\t\t\t<\/div>\n\t\t\t\t<div class=\"elementor-element elementor-element-77b0735 elementor-widget elementor-widget-text-editor\" data-id=\"77b0735\" data-element_type=\"widget\" data-widget_type=\"text-editor.default\">\n\t\t\t\t<div class=\"elementor-widget-container\">\n\t\t\t\t\t\t\t<p><strong>Neoxal Primer &#8211; to oczyszczacz\/ cleaner i baza.<\/strong><\/p><p><span style=\"font-size: 15px; color: var( --e-global-color-text ); font-family: var( --e-global-typography-text-font-family ), Sans-serif;\">Wzmacnia efekt wizualny, wydobywa ziarno, podnosi po\u0142ysk lakieru. Buduje solidny podk\u0142ad pod pow\u0142ok\u0119, wosk, sealant, quick detailer, itp. Doskonale nadaje si\u0119 r\u00f3wnie\u017c jako podk\u0142ad do zabezpieczenia felg. Wypiera wod\u0119. Czy\u015bci lakier, chrom, szyby itp. Usuwa r\u00f3wnie\u017c \u015blady markera permanentnego, zacieki, waterspout-y, resztki pasty polerskiej. Zawiera SiO2<\/span><\/p><p><strong>Instrukcja stosowania:<\/strong><\/p><p>Wstrz\u0105sn\u0105\u0107 przed u\u017cyciem<\/p><p>Aplikacja maszyn\u0105 rotacyjna na niskich obrotach:<\/p><ol><li>Nanie\u015b na mi\u0119kki kr\u0105\u017cek polerski niewielk\u0105 ilo\u015b\u0107 preparatu.<\/li><li>Rozprowad\u017a na zabezpieczan\u0105 powierzchni\u0119<\/li><li>Od razu po tym dotrzyj mikrofibr\u0105.<\/li><li>Tak przygotowan\u0105 powierzchni\u0119 pozostawi\u0107 na oko\u0142o godzin\u0119.<\/li><li>Teraz mo\u017cna zastosowa\u0107 zabezpieczenie.<\/li><\/ol><p>Aplikacja r\u0119czna:<\/p><ol><li>Na aplikator do wosk\u00f3w nanie\u015b odpowiedni\u0105 ilo\u015b\u0107 preparatu.<\/li><li>Okr\u0119\u017cnymi ruchami rozprowad\u017a na zabezpieczan\u0105 powierzchni\u0119.<\/li><li>Dotrzyj mikrofibr\u0105.<\/li><li>Tak przygotowan\u0105 powierzchni\u0119 pozostawi\u0107 na oko\u0142o godzin\u0119.<\/li><li>Teraz mo\u017cna zastosowa\u0107 zabezpieczenie<\/li><\/ol>\t\t\t\t\t\t<\/div>\n\t\t\t\t<\/div>\n\t\t\t\t\t<\/div>\n\t\t<\/div>\n\t\t\t\t\t<\/div>\n\t\t<\/section>\n\t\t\t\t<\/div>\n\t\t<!-- AddThis Advanced Settings generic via filter on the_content --><!-- AddThis Share Buttons generic via filter on the_content -->","protected":false},"excerpt":{"rendered":"<p>1l 200 ml Neoxal Primer Neoxal Primer &#8211; to oczyszczacz\/ cleaner i baza. Wzmacnia efekt wizualny, wydobywa ziarno, podnosi po\u0142ysk lakieru. Buduje solidny podk\u0142ad pod pow\u0142ok\u0119, wosk, sealant, quick detailer, itp. Doskonale nadaje si\u0119 r\u00f3wnie\u017c jako podk\u0142ad do zabezpieczenia felg. Wypiera wod\u0119. Czy\u015bci lakier, chrom, szyby itp. Usuwa r\u00f3wnie\u017c \u015blady markera permanentnego, zacieki, waterspout-y, resztki &hellip;<\/p>\n<p class=\"read-more\"> <a class=\"\" href=\"http:\/\/neoxal.com\/?page_id=1798&#038;lang=pl\"> <span class=\"screen-reader-text\">Neoxal Primer<\/span> Read More &raquo;<\/a><\/p>\n<p><!-- AddThis Advanced Settings generic via filter on get_the_excerpt --><!-- AddThis Share Buttons generic via filter on get_the_excerpt --><\/p>\n","protected":false},"author":1,"featured_media":0,"parent":0,"menu_order":0,"comment_status":"closed","ping_status":"closed","template":"","meta":[],"aioseo_notices":[],"_links":{"self":[{"href":"http:\/\/neoxal.com\/index.php?rest_route=\/wp\/v2\/pages\/1798"}],"collection":[{"href":"http:\/\/neoxal.com\/index.php?rest_route=\/wp\/v2\/pages"}],"about":[{"href":"http:\/\/neoxal.com\/index.php?rest_route=\/wp\/v2\/types\/page"}],"author":[{"embeddable":true,"href":"http:\/\/neoxal.com\/index.php?rest_route=\/wp\/v2\/users\/1"}],"replies":[{"embeddable":true,"href":"http:\/\/neoxal.com\/index.php?rest_route=%2Fwp%2Fv2%2Fcomments&post=1798"}],"version-history":[{"count":17,"href":"http:\/\/neoxal.com\/index.php?rest_route=\/wp\/v2\/pages\/1798\/revisions"}],"predecessor-version":[{"id":2384,"href":"http:\/\/neoxal.com\/index.php?rest_route=\/wp\/v2\/pages\/1798\/revisions\/2384"}],"wp:attachment":[{"href":"http:\/\/neoxal.com\/index.php?rest_route=%2Fwp%2Fv2%2Fmedia&parent=1798"}],"curies":[{"name":"wp","href":"https:\/\/api.w.org\/{rel}","templated":true}]}}